{"id":32,"date":"2026-03-29T00:36:06","date_gmt":"2026-03-29T00:36:06","guid":{"rendered":"https:\/\/inversionesagro21.com\/co\/?page_id=32"},"modified":"2026-04-07T19:56:39","modified_gmt":"2026-04-07T19:56:39","slug":"fundacion","status":"publish","type":"page","link":"https:\/\/inversionesagro21.com\/co\/fundacion\/","title":{"rendered":"Fundaci\u00f3n"},"content":{"rendered":"\t\t<div data-elementor-type=\"wp-page\" data-elementor-id=\"32\" class=\"elementor elementor-32\">\n\t\t\t\t<div class=\"elementor-element elementor-element-981dba1 e-flex e-con-boxed wpr-particle-no wpr-jarallax-no wpr-parallax-no wpr-sticky-section-no wpr-column-slider-no wpr-equal-height-no e-con e-parent\" data-id=\"981dba1\" data-element_type=\"container\" data-e-type=\"container\">\n\t\t\t\t\t<div class=\"e-con-inner\">\n\t\t\t\t<div class=\"elementor-element elementor-element-9fd3c5c elementor-widget elementor-widget-spacer\" data-id=\"9fd3c5c\" data-element_type=\"widget\" data-e-type=\"widget\" data-widget_type=\"spacer.default\">\n\t\t\t\t\t\t\t<div class=\"elementor-spacer\">\n\t\t\t<div class=\"elementor-spacer-inner\"><\/div>\n\t\t<\/div>\n\t\t\t\t\t\t<\/div>\n\t\t\t\t<div class=\"elementor-element elementor-element-0e62c67 elementor-widget elementor-widget-heading\" data-id=\"0e62c67\" data-element_type=\"widget\" data-e-type=\"widget\" data-widget_type=\"heading.default\">\n\t\t\t\t\t<h2 class=\"elementor-heading-title elementor-size-default\">Compromiso Social Agro21<\/h2>\t\t\t\t<\/div>\n\t\t\t\t\t<\/div>\n\t\t\t\t<\/div>\n\t\t<div class=\"elementor-element elementor-element-f3fd5ae e-flex e-con-boxed wpr-particle-no wpr-jarallax-no wpr-parallax-no wpr-sticky-section-no wpr-column-slider-no wpr-equal-height-no e-con e-parent\" data-id=\"f3fd5ae\" data-element_type=\"container\" data-e-type=\"container\">\n\t\t\t\t\t<div class=\"e-con-inner\">\n\t\t<div class=\"elementor-element elementor-element-5cf18cb e-con-full e-flex wpr-particle-no wpr-jarallax-no wpr-parallax-no wpr-sticky-section-no wpr-column-slider-no wpr-equal-height-no e-con e-child\" data-id=\"5cf18cb\" data-element_type=\"container\" data-e-type=\"container\">\n\t\t\t\t<div class=\"elementor-element elementor-element-4f1fcd3 elementor-widget elementor-widget-text-editor\" data-id=\"4f1fcd3\" data-element_type=\"widget\" data-e-type=\"widget\" data-widget_type=\"text-editor.default\">\n\t\t\t\t\t\t\t\t\t<p style=\"text-align: justify;\"><span style=\"font-family: 'Arial',sans-serif;\">El desarrollo empresarial de Molino Agro21 est\u00e1 profundamente ligado al bienestar de la comunidad. Nuestro enfoque social busca generar valor m\u00e1s all\u00e1 de lo productivo, mediante iniciativas orientadas a la educaci\u00f3n y el apoyo a poblaciones vulnerables.<\/span><\/p><p style=\"text-align: justify;\"><span style=\"font-family: 'Arial',sans-serif;\">Este compromiso se materializa en la creaci\u00f3n de una fundaci\u00f3n que promover\u00e1 oportunidades para j\u00f3venes, apoyo a la ni\u00f1ez y acompa\u00f1amiento a adultos mayores, consolidando as\u00ed nuestro prop\u00f3sito de crecimiento con sentido social<\/span>.<\/p>\t\t\t\t\t\t\t\t<\/div>\n\t\t\t\t<\/div>\n\t\t<div class=\"elementor-element elementor-element-1d87be9 e-con-full e-flex wpr-particle-no wpr-jarallax-no wpr-parallax-no wpr-sticky-section-no wpr-column-slider-no wpr-equal-height-no e-con e-child\" data-id=\"1d87be9\" data-element_type=\"container\" data-e-type=\"container\">\n\t\t\t\t<div class=\"elementor-element elementor-element-be92f7d elementor-widget elementor-widget-image\" data-id=\"be92f7d\" data-element_type=\"widget\" data-e-type=\"widget\" data-widget_type=\"image.default\">\n\t\t\t\t\t\t\t\t\t\t\t\t\t\t\t<img fetchpriority=\"high\" decoding=\"async\" width=\"1024\" height=\"683\" src=\"https:\/\/inversionesagro21.com\/co\/wp-content\/uploads\/2026\/04\/72f39f6b-7298-4d68-9f92-735c1a498cf2-1024x683.png\" class=\"attachment-large size-large wp-image-273\" alt=\"\" srcset=\"https:\/\/inversionesagro21.com\/co\/wp-content\/uploads\/2026\/04\/72f39f6b-7298-4d68-9f92-735c1a498cf2-1024x683.png 1024w, https:\/\/inversionesagro21.com\/co\/wp-content\/uploads\/2026\/04\/72f39f6b-7298-4d68-9f92-735c1a498cf2-300x200.png 300w, https:\/\/inversionesagro21.com\/co\/wp-content\/uploads\/2026\/04\/72f39f6b-7298-4d68-9f92-735c1a498cf2-768x512.png 768w, https:\/\/inversionesagro21.com\/co\/wp-content\/uploads\/2026\/04\/72f39f6b-7298-4d68-9f92-735c1a498cf2.png 1536w\" sizes=\"(max-width: 1024px) 100vw, 1024px\" \/>\t\t\t\t\t\t\t\t\t\t\t\t\t\t\t<\/div>\n\t\t\t\t<\/div>\n\t\t\t\t\t<\/div>\n\t\t\t\t<\/div>\n\t\t\t\t<\/div>\n\t\t","protected":false},"excerpt":{"rendered":"<p>Compromiso Social Agro21 El desarrollo empresarial de Molino Agro21 est\u00e1 profundamente ligado al bienestar de la comunidad. Nuestro enfoque social busca generar valor m\u00e1s all\u00e1 de lo productivo, mediante iniciativas orientadas a la educaci\u00f3n y el apoyo a poblaciones vulnerables. Este compromiso se materializa en la creaci\u00f3n de una fundaci\u00f3n que promover\u00e1 oportunidades para j\u00f3venes, apoyo a la ni\u00f1ez y acompa\u00f1amiento a adultos mayores, consolidando as\u00ed nuestro prop\u00f3sito de crecimiento con sentido social.<\/p>\n","protected":false},"author":1,"featured_media":0,"parent":0,"menu_order":0,"comment_status":"closed","ping_status":"closed","template":"","meta":{"site-sidebar-layout":"no-sidebar","site-content-layout":"","ast-site-content-layout":"full-width-container","site-content-style":"default","site-sidebar-style":"default","ast-global-header-display":"","ast-banner-title-visibility":"","ast-main-header-display":"","ast-hfb-above-header-display":"","ast-hfb-below-header-display":"","ast-hfb-mobile-header-display":"","site-post-title":"disabled","ast-breadcrumbs-content":"","ast-featured-img":"disabled","footer-sml-layout":"","ast-disable-related-posts":"","theme-transparent-header-meta":"","adv-header-id-meta":"","stick-header-meta":"","header-above-stick-meta":"","header-main-stick-meta":"","header-below-stick-meta":"","astra-migrate-meta-layouts":"default","ast-page-background-enabled":"default","ast-page-background-meta":{"desktop":{"background-color":"var(--ast-global-color-5)","background-image":"","background-repeat":"repeat","background-position":"center center","background-size":"auto","background-attachment":"scroll","background-type":"","background-media":"","overlay-type":"","overlay-color":"","overlay-opacity":"","overlay-gradient":""},"tablet":{"background-color":"","background-image":"","background-repeat":"repeat","background-position":"center center","background-size":"auto","background-attachment":"scroll","background-type":"","background-media":"","overlay-type":"","overlay-color":"","overlay-opacity":"","overlay-gradient":""},"mobile":{"background-color":"","background-image":"","background-repeat":"repeat","background-position":"center center","background-size":"auto","background-attachment":"scroll","background-type":"","background-media":"","overlay-type":"","overlay-color":"","overlay-opacity":"","overlay-gradient":""}},"ast-content-background-meta":{"desktop":{"background-color":"var(--ast-global-color-4)","background-image":"","background-repeat":"repeat","background-position":"center center","background-size":"auto","background-attachment":"scroll","background-type":"","background-media":"","overlay-type":"","overlay-color":"","overlay-opacity":"","overlay-gradient":""},"tablet":{"background-color":"var(--ast-global-color-4)","background-image":"","background-repeat":"repeat","background-position":"center center","background-size":"auto","background-attachment":"scroll","background-type":"","background-media":"","overlay-type":"","overlay-color":"","overlay-opacity":"","overlay-gradient":""},"mobile":{"background-color":"var(--ast-global-color-4)","background-image":"","background-repeat":"repeat","background-position":"center center","background-size":"auto","background-attachment":"scroll","background-type":"","background-media":"","overlay-type":"","overlay-color":"","overlay-opacity":"","overlay-gradient":""}},"footnotes":""},"class_list":["post-32","page","type-page","status-publish","hentry"],"_hostinger_reach_plugin_has_subscription_block":false,"_hostinger_reach_plugin_is_elementor":false,"_links":{"self":[{"href":"https:\/\/inversionesagro21.com\/co\/wp-json\/wp\/v2\/pages\/32","targetHints":{"allow":["GET"]}}],"collection":[{"href":"https:\/\/inversionesagro21.com\/co\/wp-json\/wp\/v2\/pages"}],"about":[{"href":"https:\/\/inversionesagro21.com\/co\/wp-json\/wp\/v2\/types\/page"}],"author":[{"embeddable":true,"href":"https:\/\/inversionesagro21.com\/co\/wp-json\/wp\/v2\/users\/1"}],"replies":[{"embeddable":true,"href":"https:\/\/inversionesagro21.com\/co\/wp-json\/wp\/v2\/comments?post=32"}],"version-history":[{"count":23,"href":"https:\/\/inversionesagro21.com\/co\/wp-json\/wp\/v2\/pages\/32\/revisions"}],"predecessor-version":[{"id":463,"href":"https:\/\/inversionesagro21.com\/co\/wp-json\/wp\/v2\/pages\/32\/revisions\/463"}],"wp:attachment":[{"href":"https:\/\/inversionesagro21.com\/co\/wp-json\/wp\/v2\/media?parent=32"}],"curies":[{"name":"wp","href":"https:\/\/api.w.org\/{rel}","templated":true}]}}